{"id":248,"date":"2021-09-17T01:30:02","date_gmt":"2021-09-16T23:30:02","guid":{"rendered":"http:\/\/nicht-sehen-und-doch-glauben.de\/?page_id=248"},"modified":"2022-04-13T01:11:00","modified_gmt":"2022-04-12T23:11:00","slug":"am-morgen","status":"publish","type":"page","link":"https:\/\/nicht-sehen-und-doch-glauben.de\/?page_id=248","title":{"rendered":"Am  Morgen"},"content":{"rendered":"\n<p class=\"has-text-align-left\"><\/p>\n\n\n\n<p class=\"has-larger-font-size\"><strong>Was ist f\u00fcr mich das Wichtigste \/ das Kostbarste? Das Kostbarste, das ich &#8222;habe&#8220;, ist Deine N\u00e4he, Vater, der Du zugleich meine Mutter bist. Und Deine Anwesenheit, Christus\/Christa.<\/strong><\/p>\n\n\n\n<p class=\"has-larger-font-size\"><strong>Vater, Du hast Dich meiner angenommen. Du hast mich gesehen in meinem Elend. Du hast mich hochgehoben und mit gro\u00dfem Erbarmen an Dein Herz gedr\u00fcckt und gesagt: &#8222;Du bist mein Kind. Ich bin dein Vater, ich bin deine Mutter. Ich nehme dich an  an Kindesstatt.&#8220; So hast Du mich als Dein Kind angenommen.<\/strong><\/p>\n\n\n\n<p class=\"has-larger-font-size\"><strong>Vater, ich rufe zu Dir in meiner Not. Sch\u00fctze mich beim Angriff des Feindes. Heile meine Wunden. St\u00e4rke mich. F\u00fchre mich, nimm mich an der Hand wie ein Vater \/ wie eine Mutter sein \/ ihr Kind f\u00fchrt. Du liebst mich mit v\u00e4terlicher und m\u00fctterlicher Liebe.<\/strong><\/p>\n\n\n\n<p class=\"has-larger-font-size\"><strong>Lehre mich, Dich zu lieben &#8211; nicht nur mit dem Verstand sondern auch mit meinem ganzen Herzen, mit meiner ganzen Leidenschaft.<\/strong><\/p>\n\n\n\n<p class=\"has-larger-font-size\"><\/p>\n\n\n\n<p class=\"has-larger-font-size\"><strong>Vater, Dein Sohn hat gesagt: &#8222;Wenn du betest, geh in deine Kammer &#8230; und bete zu Deinem Vater &#8230; und dein Vater wird es dir vergelten.&#8220; ( Mt 6,6 ). Das hei\u00dft doch: Du, Vater, siehst mich, Du h\u00f6rst mich und kennst meine Gedanken. Du sorgst Dich um mich, als w\u00e4re ich Dein einziges Kind.<\/strong><\/p>\n\n\n\n<p class=\"has-larger-font-size\"><strong>Vater, st\u00e4rke in mir das Bewu\u00dftsein Deiner N\u00e4he. La\u00df mich heute  vor Deinem Angesicht meinen Weg gehen, zusammen mit Deinem Sohn \/ mit Deiner Tochter. Vater, ich liebe Deinen Sohn, Deine Tochter,         Christus, Christa.<\/strong><\/p>\n\n\n\n<p><\/p>\n\n\n\n<p><\/p>\n\n\n\n<p class=\"has-small-font-size\"><strong>17.09.2021<\/strong><\/p>\n","protected":false},"excerpt":{"rendered":"<p>Was ist f\u00fcr mich das Wichtigste \/ das Kostbarste? Das Kostbarste, das ich &#8222;habe&#8220;, ist Deine N\u00e4he, Vater, der Du zugleich meine Mutter bist. Und Deine Anwesenheit, Christus\/Christa. Vater, Du hast Dich meiner angenommen. Du hast mich gesehen in meinem Elend. Du hast mich hochgehoben und mit gro\u00dfem Erbarmen an Dein Herz gedr\u00fcckt und gesagt: [&hellip;]<\/p>\n","protected":false},"author":1,"featured_media":0,"parent":0,"menu_order":0,"comment_status":"closed","ping_status":"closed","template":"","meta":{"footnotes":""},"class_list":["post-248","page","type-page","status-publish","hentry"],"_links":{"self":[{"href":"https:\/\/nicht-sehen-und-doch-glauben.de\/index.php?rest_route=\/wp\/v2\/pages\/248","targetHints":{"allow":["GET"]}}],"collection":[{"href":"https:\/\/nicht-sehen-und-doch-glauben.de\/index.php?rest_route=\/wp\/v2\/pages"}],"about":[{"href":"https:\/\/nicht-sehen-und-doch-glauben.de\/index.php?rest_route=\/wp\/v2\/types\/page"}],"author":[{"embeddable":true,"href":"https:\/\/nicht-sehen-und-doch-glauben.de\/index.php?rest_route=\/wp\/v2\/users\/1"}],"replies":[{"embeddable":true,"href":"https:\/\/nicht-sehen-und-doch-glauben.de\/index.php?rest_route=%2Fwp%2Fv2%2Fcomments&post=248"}],"version-history":[{"count":7,"href":"https:\/\/nicht-sehen-und-doch-glauben.de\/index.php?rest_route=\/wp\/v2\/pages\/248\/revisions"}],"predecessor-version":[{"id":435,"href":"https:\/\/nicht-sehen-und-doch-glauben.de\/index.php?rest_route=\/wp\/v2\/pages\/248\/revisions\/435"}],"wp:attachment":[{"href":"https:\/\/nicht-sehen-und-doch-glauben.de\/index.php?rest_route=%2Fwp%2Fv2%2Fmedia&parent=248"}],"curies":[{"name":"wp","href":"https:\/\/api.w.org\/{rel}","templated":true}]}}