{"id":270,"date":"2021-09-20T23:23:15","date_gmt":"2021-09-20T21:23:15","guid":{"rendered":"http:\/\/nicht-sehen-und-doch-glauben.de\/?page_id=270"},"modified":"2022-02-19T00:29:05","modified_gmt":"2022-02-18T23:29:05","slug":"dem-teddy-sein-ohr","status":"publish","type":"page","link":"https:\/\/nicht-sehen-und-doch-glauben.de\/?page_id=270","title":{"rendered":"Dem Teddy sein Ohr"},"content":{"rendered":"\n<p class=\"has-larger-font-size\"><strong>Von John F. Kennedy wird folgendes berichtet:<\/strong><\/p>\n\n\n\n<p class=\"has-larger-font-size\"><strong>Kennedy hatte mit wichtigen Mitarbeitern seiner Regierungsmannschaft eine Besprechung. Mittendrin kam ein Anruf. Am Telefon war seine Tochter Caroline, und sie weinte bitterlich: Bei ihrem Teddyb\u00e4r war ein Ohr abgegangen. Ungeachtet der anwesenden Mitarbeiter nahm der Pr\u00e4sident sich Zeit und ging auf ihre N\u00f6te ein und tr\u00f6stete sie, soda\u00df sie aufh\u00f6rte zu weinen.<\/strong><\/p>\n\n\n\n<p class=\"has-larger-font-size\"><strong>Auch wenn es m\u00f6glicherweise eine anr\u00fchrende \/ erfundene Anekdote ist: Was sagt mir das?  Der damals m\u00e4chtigste Mann der Welt, nahm sich &#8211; trotz der Wichtigkeit der mit seinen Mitarbeitern diskutierten Themen &#8211; die Zeit, als Vater sein Kind, das in Not war, zu tr\u00f6sten und zu ermutigen. <\/strong><\/p>\n\n\n\n<p class=\"has-larger-font-size\"><strong>Wenn es auch nur ein schwaches Bild ist, es hilft mir zu erfassen, da\u00df Gott sowohl der Herr der Welt ist als auch zugleich mir Vater und Mutter ist. Da\u00df er mich mit meinen &#8222;kleinen&#8220; N\u00f6ten voll und ganz ernst nimmt. Da\u00df er sich mir ganz zuwendet und Anteil nimmt an meinem Leben. So, als w\u00e4re ich sein einziges Kind.<\/strong><\/p>\n\n\n\n<p><strong>niedergeschrieben am 6.11.2012 <\/strong><br><strong>Version<\/strong>:<\/p>\n","protected":false},"excerpt":{"rendered":"<p>Von John F. Kennedy wird folgendes berichtet: Kennedy hatte mit wichtigen Mitarbeitern seiner Regierungsmannschaft eine Besprechung. Mittendrin kam ein Anruf. Am Telefon war seine Tochter Caroline, und sie weinte bitterlich: Bei ihrem Teddyb\u00e4r war ein Ohr abgegangen. Ungeachtet der anwesenden Mitarbeiter nahm der Pr\u00e4sident sich Zeit und ging auf ihre N\u00f6te ein und tr\u00f6stete sie, [&hellip;]<\/p>\n","protected":false},"author":1,"featured_media":0,"parent":0,"menu_order":0,"comment_status":"closed","ping_status":"closed","template":"","meta":{"footnotes":""},"class_list":["post-270","page","type-page","status-publish","hentry"],"_links":{"self":[{"href":"https:\/\/nicht-sehen-und-doch-glauben.de\/index.php?rest_route=\/wp\/v2\/pages\/270","targetHints":{"allow":["GET"]}}],"collection":[{"href":"https:\/\/nicht-sehen-und-doch-glauben.de\/index.php?rest_route=\/wp\/v2\/pages"}],"about":[{"href":"https:\/\/nicht-sehen-und-doch-glauben.de\/index.php?rest_route=\/wp\/v2\/types\/page"}],"author":[{"embeddable":true,"href":"https:\/\/nicht-sehen-und-doch-glauben.de\/index.php?rest_route=\/wp\/v2\/users\/1"}],"replies":[{"embeddable":true,"href":"https:\/\/nicht-sehen-und-doch-glauben.de\/index.php?rest_route=%2Fwp%2Fv2%2Fcomments&post=270"}],"version-history":[{"count":3,"href":"https:\/\/nicht-sehen-und-doch-glauben.de\/index.php?rest_route=\/wp\/v2\/pages\/270\/revisions"}],"predecessor-version":[{"id":390,"href":"https:\/\/nicht-sehen-und-doch-glauben.de\/index.php?rest_route=\/wp\/v2\/pages\/270\/revisions\/390"}],"wp:attachment":[{"href":"https:\/\/nicht-sehen-und-doch-glauben.de\/index.php?rest_route=%2Fwp%2Fv2%2Fmedia&parent=270"}],"curies":[{"name":"wp","href":"https:\/\/api.w.org\/{rel}","templated":true}]}}