{"id":283,"date":"2021-09-25T00:07:13","date_gmt":"2021-09-24T22:07:13","guid":{"rendered":"http:\/\/nicht-sehen-und-doch-glauben.de\/?page_id=283"},"modified":"2022-02-25T00:44:40","modified_gmt":"2022-02-24T23:44:40","slug":"am-abend-vor-der-operation","status":"publish","type":"page","link":"https:\/\/nicht-sehen-und-doch-glauben.de\/?page_id=283","title":{"rendered":"Am Abend vor der Operation"},"content":{"rendered":"\n<p class=\"has-larger-font-size\"><strong>Ich schlage die Bibel auf und suche die Stelle, die mir sehr wichtig ist: &#8222;Seid gewiss, ich bin bei euch alle Tage &#8230;&#8220; (Matt. 28,20)<\/strong><\/p>\n\n\n\n<p class=\"has-larger-font-size\"><strong>Was f\u00fcr eine Zusage! Du bist bei mir &#8211; nicht als Geist, sondern so, wie Du damals nach der Auferstehung Deinen J\u00fcngern gegen\u00fcbergetreten <\/strong>  <strong>bist: Real, konkret, mit Fleisch und Blut (vgl. Thomas, Joh. 20.24).  Mit meinen Sinnen kann ich Dich zwar nicht erfassen (vgl. Apg. 1,9: &#8222;Eine Wolke &#8230; entzog ihn ihren Blicken.&#8220;), aber Du hast mich erkennen lassen, da\u00df Du auch heute \/ auch jetzt wirklich k\u00f6rperlich da bist. Als eigenst\u00e4ndige menschliche Person, als Mann oder Frau. Du hast die Gestalt angenommen, die ich liebe. Du stehst vor mir und l\u00e4\u00dft mein inneres Auge die Sch\u00f6nheit Deines Gesichtes sehen. Du siehst mich an mit einem warmen, z\u00e4rtlichen Blick. Ich k\u00fcsse Dich und  Du erwiderst meinen Kuss. Das glaube ich, auch wenn ich Dich nicht sehe, nicht f\u00fchle. Ich habe erkannt, da\u00df das so ist.<\/strong><\/p>\n\n\n\n<p class=\"has-larger-font-size\"><strong>Mein Blick f\u00e4llt auf das Kreuz an der Wand des Krankenzimmers. Ein kupferner Korpus  montiert auf einem h\u00f6lzernen Balkenkreuz. Welch ein Kontrast zu dem, was ich erlebe! Wie ist doch der lebendige Glaube, der aus den Evangelien spricht, geschrumpft  zu einer kraftlosen Routine.<\/strong> <\/p>\n\n\n\n<p class=\"has-larger-font-size\"><strong>Die T\u00fcr geht auf, die Krankenschwester bringt einen St\u00e4nder und einen Kanister mit Sp\u00fclfl\u00fcssigkeit  und f\u00e4ngt an, den St\u00e4nder am Bett zu montieren. &#8222;F\u00fcr die OP&#8220;, sagt sie. Wie wird es morgen um diese Zeit um mich stehen? Ich lese nochmals Matt. 28,20: &#8222;Ich bin bei euch alle Tage &#8230;&#8220;<\/strong><\/p>\n\n\n\n<p><strong>Anmerkung: Prostata-Operation Dez. 2009 <br>Niedergeschrieben nach Notizen am Vorabend der OP<br><br>Vers. 2022\/02\/25<\/strong><\/p>\n","protected":false},"excerpt":{"rendered":"<p>Ich schlage die Bibel auf und suche die Stelle, die mir sehr wichtig ist: &#8222;Seid gewiss, ich bin bei euch alle Tage &#8230;&#8220; (Matt. 28,20) Was f\u00fcr eine Zusage! Du bist bei mir &#8211; nicht als Geist, sondern so, wie Du damals nach der Auferstehung Deinen J\u00fcngern gegen\u00fcbergetreten bist: Real, konkret, mit Fleisch und Blut [&hellip;]<\/p>\n","protected":false},"author":1,"featured_media":0,"parent":0,"menu_order":0,"comment_status":"closed","ping_status":"closed","template":"","meta":{"footnotes":""},"class_list":["post-283","page","type-page","status-publish","hentry"],"_links":{"self":[{"href":"https:\/\/nicht-sehen-und-doch-glauben.de\/index.php?rest_route=\/wp\/v2\/pages\/283","targetHints":{"allow":["GET"]}}],"collection":[{"href":"https:\/\/nicht-sehen-und-doch-glauben.de\/index.php?rest_route=\/wp\/v2\/pages"}],"about":[{"href":"https:\/\/nicht-sehen-und-doch-glauben.de\/index.php?rest_route=\/wp\/v2\/types\/page"}],"author":[{"embeddable":true,"href":"https:\/\/nicht-sehen-und-doch-glauben.de\/index.php?rest_route=\/wp\/v2\/users\/1"}],"replies":[{"embeddable":true,"href":"https:\/\/nicht-sehen-und-doch-glauben.de\/index.php?rest_route=%2Fwp%2Fv2%2Fcomments&post=283"}],"version-history":[{"count":10,"href":"https:\/\/nicht-sehen-und-doch-glauben.de\/index.php?rest_route=\/wp\/v2\/pages\/283\/revisions"}],"predecessor-version":[{"id":398,"href":"https:\/\/nicht-sehen-und-doch-glauben.de\/index.php?rest_route=\/wp\/v2\/pages\/283\/revisions\/398"}],"wp:attachment":[{"href":"https:\/\/nicht-sehen-und-doch-glauben.de\/index.php?rest_route=%2Fwp%2Fv2%2Fmedia&parent=283"}],"curies":[{"name":"wp","href":"https:\/\/api.w.org\/{rel}","templated":true}]}}