{"id":311,"date":"2021-10-21T00:06:51","date_gmt":"2021-10-20T22:06:51","guid":{"rendered":"http:\/\/nicht-sehen-und-doch-glauben.de\/?page_id=311"},"modified":"2022-06-16T18:36:45","modified_gmt":"2022-06-16T16:36:45","slug":"kartoffelpuffer","status":"publish","type":"page","link":"https:\/\/nicht-sehen-und-doch-glauben.de\/?page_id=311","title":{"rendered":"Kartoffelpuffer"},"content":{"rendered":"\n<p class=\"has-larger-font-size\"><\/p>\n\n\n\n<p class=\"has-larger-font-size\"><strong>Es war Ende der 60-ziger Jahre. Ich war mit Sieglinde in M\u00fcnchen in der Leopoldstra\u00dfe in einem einfachen Imbi\u00df. Es war um die Mittagszeit. Wir kannten uns erst seit einigen Wochen. Wir standen an einem kleinen Tischchen, beide hatten wir einen Teller mit Kartoffelpuffern vor uns. Sieglinde sagte zu mir ganz harmlos: &#8222;Willst Du was von mir?&#8220; Sie meinte nat\u00fcrlich von den Kartoffelpuffern und hielt mir mit der Gabel einen hin. Ich antwortete &#8222;Ja&#8220; und lachte dabei. Da wurde ihr schlagartig klar, was sie da gesagt hatte: Ja, ich wollte nicht nur einen Kartoffelpuffer von ihr, ich wollte viel mehr von ihr.<\/strong><br><br><strong>In umgekehrten Rollen sehe ich mich heute: <br>CHRISTA am Tisch  mit mir sitzend. Ich frage: &#8222;Willst DU was von mir?&#8220; und CHRISTA antwortet mit &#8222;Ja, ich will viel von dir, ich will dich&#8220;.<\/strong><\/p>\n\n\n\n<p class=\"has-larger-font-size\"><strong>Singen  wir nicht voller Leidenschaft: <br> &#8222;Jesus, Dir leb ich.<br> Jesus, Dir sterb ich.<br> Jesus, Dein bin ich <br> im Leben und im Tod.&#8220;<\/strong><br><strong>Mit voller Leidenschaft und aus vollem Hals, so da\u00df die Glasscheiben in ihrer Bleifassung scheppern? Dann geht man zur Kirchent\u00fcr hinaus und alle Leidenschaft ist wie weggeblasen. <\/strong><\/p>\n\n\n\n<p><\/p>\n\n\n\n<p class=\"has-normal-font-size\"><strong>Notiz vom Sept. 2014 \/ \u00fcberarbeitet 21.10.2021 und 16.06.2022<br>Verf.: H.J.<\/strong><\/p>\n","protected":false},"excerpt":{"rendered":"<p>Es war Ende der 60-ziger Jahre. Ich war mit Sieglinde in M\u00fcnchen in der Leopoldstra\u00dfe in einem einfachen Imbi\u00df. Es war um die Mittagszeit. Wir kannten uns erst seit einigen Wochen. Wir standen an einem kleinen Tischchen, beide hatten wir einen Teller mit Kartoffelpuffern vor uns. Sieglinde sagte zu mir ganz harmlos: &#8222;Willst Du was [&hellip;]<\/p>\n","protected":false},"author":1,"featured_media":0,"parent":0,"menu_order":0,"comment_status":"closed","ping_status":"closed","template":"","meta":{"footnotes":""},"class_list":["post-311","page","type-page","status-publish","hentry"],"_links":{"self":[{"href":"https:\/\/nicht-sehen-und-doch-glauben.de\/index.php?rest_route=\/wp\/v2\/pages\/311","targetHints":{"allow":["GET"]}}],"collection":[{"href":"https:\/\/nicht-sehen-und-doch-glauben.de\/index.php?rest_route=\/wp\/v2\/pages"}],"about":[{"href":"https:\/\/nicht-sehen-und-doch-glauben.de\/index.php?rest_route=\/wp\/v2\/types\/page"}],"author":[{"embeddable":true,"href":"https:\/\/nicht-sehen-und-doch-glauben.de\/index.php?rest_route=\/wp\/v2\/users\/1"}],"replies":[{"embeddable":true,"href":"https:\/\/nicht-sehen-und-doch-glauben.de\/index.php?rest_route=%2Fwp%2Fv2%2Fcomments&post=311"}],"version-history":[{"count":12,"href":"https:\/\/nicht-sehen-und-doch-glauben.de\/index.php?rest_route=\/wp\/v2\/pages\/311\/revisions"}],"predecessor-version":[{"id":439,"href":"https:\/\/nicht-sehen-und-doch-glauben.de\/index.php?rest_route=\/wp\/v2\/pages\/311\/revisions\/439"}],"wp:attachment":[{"href":"https:\/\/nicht-sehen-und-doch-glauben.de\/index.php?rest_route=%2Fwp%2Fv2%2Fmedia&parent=311"}],"curies":[{"name":"wp","href":"https:\/\/api.w.org\/{rel}","templated":true}]}}