{"id":445,"date":"2023-08-28T18:15:00","date_gmt":"2023-08-28T16:15:00","guid":{"rendered":"https:\/\/nicht-sehen-und-doch-glauben.de\/?page_id=445"},"modified":"2025-04-18T17:56:07","modified_gmt":"2025-04-18T15:56:07","slug":"christa","status":"publish","type":"page","link":"https:\/\/nicht-sehen-und-doch-glauben.de\/?page_id=445","title":{"rendered":"CHRISTUS\/CHRISTA"},"content":{"rendered":"\n<p class=\"has-normal-font-size\"><strong>CHRISTUS\/CHRISTA, ich liebe Dich aus ganzem Herzen.<br>Auferstanden am dritten Tag, bist Du damals<\/strong><br><strong>der Maria Magdalena erschienen,<br>den Emmaus-J\u00fcngern und <br>den versammelten J\u00fcngern.<br>Du hast Deinen J\u00fcngern gesagt:<br>&#8222;Fasst mich doch an und seht!<br>Kein Geist hat Fleisch und Knochen,<br>so wie ihr es an mir seht.&#8220; ( Lk 24, 39 )<\/strong> <\/p>\n\n\n\n<p class=\"has-normal-font-size\"><strong>Auferstanden von den Toten, bist Du auch <em>heute<\/em><br>k\u00f6rperlich anwesend,<br>auch <em>hier<\/em>,<br><em>jetzt<\/em> und <em>hier<\/em> in Deiner grossen Huld und Liebe.<br>In Deiner grossen Huld und Liebe<br>bist Du mir nahe als eigenst\u00e4ndige menschliche Person &#8211; CHRISTA.<br>Real, konkret, k\u00f6rperlich, wirklich.<br>Du bist meinen Sinnen verborgen, <br>aber doch bist Du da. <br>Du hast die Gestalt angenommen,<br>die ich liebe.<br>Mit meinen &#8222;nat\u00fcrlichen&#8220; Sinnen, <br>also mit meinen Augen, Ohren, H\u00e4nden, <br>kann ich Dich nicht wahrnehmen. <\/strong><br><strong>Jedoch mit meinen &#8222;inneren&#8220; Sinnen<br>z.B. mit meinem &#8222;inneren Auge&#8220;<br> sehe ich Dich vor mir stehen.<\/strong> <\/p>\n\n\n\n<p class=\"has-normal-font-size\"><strong>Du, CHRISTA, hast zu mir gesagt:                                                         &#8222;Du bist mein Mann.                                                                                                   Ich bin Deine Frau.&#8220;                                                                               Voll Freude habe ich geantwortet:                                                           &#8222;Du bist meine Frau.                                                                                Ich bin Dein Mann.&#8220;                                                                                  So sind wir Mann und Frau, f\u00fcr alle Zeit.<\/strong><\/p>\n\n\n\n<p class=\"has-normal-font-size\"><strong>Du bist mir jetzt ganz nah.<br>Nicht Fantasie, nicht (nur) Wunsch, <br>sondern Realit\u00e4t.<br>Du stehst vor mir<br>und legst Deine H\u00e4nde auf meine Brust.<br>Ich umfasse Deine Gestalt.<br>Du l\u00e4sst mich die Sch\u00f6nheit Deines Gesichtes sehen. <\/strong><br><strong>Du bist sch\u00f6n, und <br>Deine Sch\u00f6nheit ist vollkommen.<br><\/strong><\/p>\n\n\n\n<p class=\"has-normal-font-size\"><strong>Du schaust mich an<br>mit Liebe und Z\u00e4rtlichkeit.<br>Ich k\u00fcsse Dich auf die Stirn,<br>wir k\u00fcssen uns auf den Mund.<br>Du legst Deinen Kopf auf meine Schulter.<br>Ich sp\u00fcre Dein Haar an meiner Wange.<br>Wir umarmen uns und <br>dr\u00fccken uns fest aneinander.<\/strong><\/p>\n\n\n\n<p class=\"has-normal-font-size\"><strong>VATER\/MUTTER sieh uns, Deine Kinder. <br>Deine Tochter, die Du \u00fcber alles liebst,<br>und mich, Dein Kind, das du als Kind angenommen hast.<br>Lass uns &#8211; Deine Tochter und mich &#8211; <br>gemeinsam vor Deinem Angesicht<br>den Weg gehen, den Du uns zugedacht hast<br>und segne unseren heutigen Weg.<\/strong><\/p>\n\n\n\n<p class=\"has-normal-font-size\"><strong>Du, VATER\/MUTTER und Du, CHRISTUS\/CHRISTA,<br>eins im Heiligen Geist,<br>hilf mir erfassen und festzuhalten,<br>was Du mich hast erkennen lassen.<br>Der Feind nimmt immer wieder weg, <br>was Du in mir hast wachsen lassen.<br>Doch Du bist meine Hoffnung und meine Leidenschaft.<br>Lass gelingen, was Du mit mir begonnen hast. <\/strong><br><strong>Darum bitte ich Dich, VATER\/MUTTER<br>und Dich, CHRISTUS\/CHRISTA,<br>in dieser Zeit der Not und Bedr\u00e4ngnis.<\/strong><br><br><strong>Niedergeschrieben 2006, \u00fcberarbeitet 01.07.2022 \/ 08.10.2022 \/ 28.08.2023 \/ 01.04.2024 \/ 15.01.2025 \/ 23.03.2025                                                                     <\/strong><\/p>\n\n\n\n<p class=\"has-normal-font-size\"><strong>Verf.: Hans Jehle<br>INTERNET    www.nicht-sehen-und-doch-glauben.de<\/strong><\/p>\n\n\n\n<p class=\"has-normal-font-size\">_____________________________________________________<\/p>\n\n\n\n<p class=\"has-normal-font-size\"><strong>Erg\u00e4nzung am 17.03.2025 :<\/strong> Zitat aus einem Leserbrief von Prof. Haszprunar in der Zeitschrift Christ in der Gegenwart (www.cig.de), Nr.11, vom 16.03.2025 <strong>:<\/strong><\/p>\n\n\n\n<p><strong>&#8220; Der Mensch ist als Ebenbild Gottes &#8222;m\u00e4nnlich und weiblich&#8220; geschaffen &#8211; und nicht &#8222;als Mann und (= oder) Frau&#8220; , wie fr\u00fcher f\u00e4lschlich \u00fcbersetzt wurde . <\/strong>&#8220; <\/p>\n\n\n\n<p><\/p>\n","protected":false},"excerpt":{"rendered":"<p>CHRISTUS\/CHRISTA, ich liebe Dich aus ganzem Herzen.Auferstanden am dritten Tag, bist Du damalsder Maria Magdalena erschienen,den Emmaus-J\u00fcngern und den versammelten J\u00fcngern.Du hast Deinen J\u00fcngern gesagt:&#8222;Fasst mich doch an und seht!Kein Geist hat Fleisch und Knochen,so wie ihr es an mir seht.&#8220; ( Lk 24, 39 ) Auferstanden von den Toten, bist Du auch heutek\u00f6rperlich anwesend,auch [&hellip;]<\/p>\n","protected":false},"author":1,"featured_media":0,"parent":0,"menu_order":0,"comment_status":"closed","ping_status":"closed","template":"","meta":{"footnotes":""},"class_list":["post-445","page","type-page","status-publish","hentry"],"_links":{"self":[{"href":"https:\/\/nicht-sehen-und-doch-glauben.de\/index.php?rest_route=\/wp\/v2\/pages\/445","targetHints":{"allow":["GET"]}}],"collection":[{"href":"https:\/\/nicht-sehen-und-doch-glauben.de\/index.php?rest_route=\/wp\/v2\/pages"}],"about":[{"href":"https:\/\/nicht-sehen-und-doch-glauben.de\/index.php?rest_route=\/wp\/v2\/types\/page"}],"author":[{"embeddable":true,"href":"https:\/\/nicht-sehen-und-doch-glauben.de\/index.php?rest_route=\/wp\/v2\/users\/1"}],"replies":[{"embeddable":true,"href":"https:\/\/nicht-sehen-und-doch-glauben.de\/index.php?rest_route=%2Fwp%2Fv2%2Fcomments&post=445"}],"version-history":[{"count":42,"href":"https:\/\/nicht-sehen-und-doch-glauben.de\/index.php?rest_route=\/wp\/v2\/pages\/445\/revisions"}],"predecessor-version":[{"id":740,"href":"https:\/\/nicht-sehen-und-doch-glauben.de\/index.php?rest_route=\/wp\/v2\/pages\/445\/revisions\/740"}],"wp:attachment":[{"href":"https:\/\/nicht-sehen-und-doch-glauben.de\/index.php?rest_route=%2Fwp%2Fv2%2Fmedia&parent=445"}],"curies":[{"name":"wp","href":"https:\/\/api.w.org\/{rel}","templated":true}]}}