{"id":553,"date":"2024-12-25T01:51:28","date_gmt":"2024-12-25T00:51:28","guid":{"rendered":"https:\/\/nicht-sehen-und-doch-glauben.de\/?page_id=553"},"modified":"2024-12-31T19:54:44","modified_gmt":"2024-12-31T18:54:44","slug":"er-ist-schon-da","status":"publish","type":"page","link":"https:\/\/nicht-sehen-und-doch-glauben.de\/?page_id=553","title":{"rendered":"Er ist schon da"},"content":{"rendered":"\n<p>Vor einigen Jahren hatte ich am 1. Advent folgenden Traum: <\/p>\n\n\n\n<p>Ich stand mit Sieglinde auf einer weiten Ebene. Viele Leute waren da und warteten. Es war ein tr\u00fcber Tag mit starker Bew\u00f6lkung. Am Himmel \u00fcber der Volksmenge stand ein Hubschrauber, wohl ein Polizeihubschrauber. Er hatte einen grell leuchtenden Scheinwerfer eingeschaltet, der nach unten gerichtet war. So, als w\u00fcrde ein hell leuchtender Stern am Himmel stehen.<\/p>\n\n\n\n<p>Sieglinde sagte: &#8222;Jesus Christus soll heute kommen. Er ist aber noch nicht gekommen.&#8220; Ich schaute sie l\u00e4chelnd an und deutete auf  meinen  linken Arm, auf dem ich ein  Kind trug und sagte zu ihr: <strong>DOCH, er ist schon da ! <\/strong>  <\/p>\n\n\n\n<p><\/p>\n\n\n\n<p><\/p>\n\n\n\n<p>Handschriftlich niedergeschrieben am 14.09.2020 nach zeitnahen Notizen. <\/p>\n\n\n\n<p>Getippt und \u00fcberarbeitet am 24.12.2024 \/ 28.12.2024 <\/p>\n\n\n\n<p>Verfasser: H. J.<\/p>\n","protected":false},"excerpt":{"rendered":"<p>Vor einigen Jahren hatte ich am 1. Advent folgenden Traum: Ich stand mit Sieglinde auf einer weiten Ebene. Viele Leute waren da und warteten. Es war ein tr\u00fcber Tag mit starker Bew\u00f6lkung. Am Himmel \u00fcber der Volksmenge stand ein Hubschrauber, wohl ein Polizeihubschrauber. Er hatte einen grell leuchtenden Scheinwerfer eingeschaltet, der nach unten gerichtet war. [&hellip;]<\/p>\n","protected":false},"author":1,"featured_media":0,"parent":0,"menu_order":0,"comment_status":"closed","ping_status":"closed","template":"","meta":{"footnotes":""},"class_list":["post-553","page","type-page","status-publish","hentry"],"_links":{"self":[{"href":"https:\/\/nicht-sehen-und-doch-glauben.de\/index.php?rest_route=\/wp\/v2\/pages\/553","targetHints":{"allow":["GET"]}}],"collection":[{"href":"https:\/\/nicht-sehen-und-doch-glauben.de\/index.php?rest_route=\/wp\/v2\/pages"}],"about":[{"href":"https:\/\/nicht-sehen-und-doch-glauben.de\/index.php?rest_route=\/wp\/v2\/types\/page"}],"author":[{"embeddable":true,"href":"https:\/\/nicht-sehen-und-doch-glauben.de\/index.php?rest_route=\/wp\/v2\/users\/1"}],"replies":[{"embeddable":true,"href":"https:\/\/nicht-sehen-und-doch-glauben.de\/index.php?rest_route=%2Fwp%2Fv2%2Fcomments&post=553"}],"version-history":[{"count":17,"href":"https:\/\/nicht-sehen-und-doch-glauben.de\/index.php?rest_route=\/wp\/v2\/pages\/553\/revisions"}],"predecessor-version":[{"id":585,"href":"https:\/\/nicht-sehen-und-doch-glauben.de\/index.php?rest_route=\/wp\/v2\/pages\/553\/revisions\/585"}],"wp:attachment":[{"href":"https:\/\/nicht-sehen-und-doch-glauben.de\/index.php?rest_route=%2Fwp%2Fv2%2Fmedia&parent=553"}],"curies":[{"name":"wp","href":"https:\/\/api.w.org\/{rel}","templated":true}]}}