{"id":637,"date":"2025-04-21T01:27:40","date_gmt":"2025-04-20T23:27:40","guid":{"rendered":"https:\/\/nicht-sehen-und-doch-glauben.de\/?page_id=637"},"modified":"2025-05-21T00:51:26","modified_gmt":"2025-05-20T22:51:26","slug":"ohne-dich","status":"publish","type":"page","link":"https:\/\/nicht-sehen-und-doch-glauben.de\/?page_id=637","title":{"rendered":"Ohne Dich"},"content":{"rendered":"\n<p class=\"has-normal-font-size\"><kbd><strong>Eine Situation, in die jeder geraten kann:<\/strong><\/kbd><br><strong>Eine Beziehung ist zerbrochen. Man steht pl\u00f6tzlich ganz allein da. Es \u00fcberf\u00e4llt einen ein Gef\u00fchl der Sinnlosigkeit, der Verlassenheit. Nichts spricht einen mehr an, nichts scheint erstrebenswert.<\/strong><\/p>\n\n\n\n<p class=\"has-normal-font-size\"><strong>Vor etwa 2000 Jahren erging es einer Frau mit dem Namen Maria Magdalena so. Sie war Augenzeugin des Sterbens von Jesus Christus am Kreuz gewesen. Sie kannte zwar die Vorhersagen: Am 3. Tag wird er auferstehen. Aber das erlebte Geschehen \u00fcberdeckte alle Hoffnung. Und dann &#8211; in der Fr\u00fche des 3.Tages &#8211; begegnete sie Jesus, der vom Tode auferstanden war. Aber sie erkannte ihn zun\u00e4chst nicht. Doch nach wenigen Worten aus seinem Mund \u00e4nderte sich schlagartig alles.<\/strong><\/p>\n\n\n\n<p class=\"has-normal-font-size\"><strong>Jesus sprach sie an mit ihrem Namen. &#8222;Maria&#8220; . Da erkannte sie ihn. Und die Finsternis, die sie umgeben hatte, war dem Licht gewichen.<\/strong><\/p>\n\n\n\n<p class=\"has-normal-font-size\"><strong>Ach ja, das war damals, vor 2000 Jahren. Damals? Wie hei\u00dft es doch in der Bibel? 1000 Jahre sind f\u00fcr Gott wie ein Tag (z.B. Psalm 90,4). Auch heute, wo Du diese Worte liest, ruft Gott Dich mit Deinem Namen. Du h\u00f6rst es (noch) nicht? Trotzdem, antworte: Was willst DU, was ich tun soll?<\/strong> <br><strong>Gott ist bei Dir.<\/strong><br><br><strong>Verf. Hans Jehle,  20.05.2025<\/strong><br>INTERNET:     <strong>www.nicht-sehen-und-doch-glauben.de<\/strong><\/p>\n\n\n\n<p class=\"has-normal-font-size\"><\/p>\n\n\n\n<p class=\"has-normal-font-size\"><\/p>\n\n\n\n<p class=\"has-normal-font-size\"><\/p>\n\n\n\n<p class=\"has-normal-font-size\"><\/p>\n","protected":false},"excerpt":{"rendered":"<p>Eine Situation, in die jeder geraten kann:Eine Beziehung ist zerbrochen. Man steht pl\u00f6tzlich ganz allein da. Es \u00fcberf\u00e4llt einen ein Gef\u00fchl der Sinnlosigkeit, der Verlassenheit. Nichts spricht einen mehr an, nichts scheint erstrebenswert. Vor etwa 2000 Jahren erging es einer Frau mit dem Namen Maria Magdalena so. Sie war Augenzeugin des Sterbens von Jesus Christus [&hellip;]<\/p>\n","protected":false},"author":1,"featured_media":0,"parent":0,"menu_order":0,"comment_status":"closed","ping_status":"closed","template":"","meta":{"footnotes":""},"class_list":["post-637","page","type-page","status-publish","hentry"],"_links":{"self":[{"href":"https:\/\/nicht-sehen-und-doch-glauben.de\/index.php?rest_route=\/wp\/v2\/pages\/637","targetHints":{"allow":["GET"]}}],"collection":[{"href":"https:\/\/nicht-sehen-und-doch-glauben.de\/index.php?rest_route=\/wp\/v2\/pages"}],"about":[{"href":"https:\/\/nicht-sehen-und-doch-glauben.de\/index.php?rest_route=\/wp\/v2\/types\/page"}],"author":[{"embeddable":true,"href":"https:\/\/nicht-sehen-und-doch-glauben.de\/index.php?rest_route=\/wp\/v2\/users\/1"}],"replies":[{"embeddable":true,"href":"https:\/\/nicht-sehen-und-doch-glauben.de\/index.php?rest_route=%2Fwp%2Fv2%2Fcomments&post=637"}],"version-history":[{"count":12,"href":"https:\/\/nicht-sehen-und-doch-glauben.de\/index.php?rest_route=\/wp\/v2\/pages\/637\/revisions"}],"predecessor-version":[{"id":661,"href":"https:\/\/nicht-sehen-und-doch-glauben.de\/index.php?rest_route=\/wp\/v2\/pages\/637\/revisions\/661"}],"wp:attachment":[{"href":"https:\/\/nicht-sehen-und-doch-glauben.de\/index.php?rest_route=%2Fwp%2Fv2%2Fmedia&parent=637"}],"curies":[{"name":"wp","href":"https:\/\/api.w.org\/{rel}","templated":true}]}}