{"id":664,"date":"2025-06-01T18:04:39","date_gmt":"2025-06-01T16:04:39","guid":{"rendered":"https:\/\/nicht-sehen-und-doch-glauben.de\/?page_id=664"},"modified":"2025-06-07T02:06:53","modified_gmt":"2025-06-07T00:06:53","slug":"notiz-pruefung","status":"publish","type":"page","link":"https:\/\/nicht-sehen-und-doch-glauben.de\/?page_id=664","title":{"rendered":"Ultrakurzgeschichte"},"content":{"rendered":"\n<p><strong><br>Die m\u00fcndliche Pr\u00fcfung war fast zu Ende. Da stellte der Dozent mir noch eine Aufgabe: <br>&#8222;Bilden Sie einen Satz mit den W\u00f6rtern &#8218;Gott&#8216; und &#8218;Evolution&#8216;.  &#8222;<br>Ich \u00fcberlegte kurz und sagte dann:<br>&#8222;Gott hat die Evolution erfunden.&#8220;<br>Das war nicht das, was der Dozent erwartet hatte.<br><br>Verf. : Ruth Jehle, Nov.\/Dez. 2022<br>Letzte \u00c4nderung: 07.06.2025<br>INTERNET:    www.nicht-sehen-und-doch-glauben.de<\/strong><\/p>\n\n\n\n<p><\/p>\n","protected":false},"excerpt":{"rendered":"<p>Die m\u00fcndliche Pr\u00fcfung war fast zu Ende. Da stellte der Dozent mir noch eine Aufgabe: &#8222;Bilden Sie einen Satz mit den W\u00f6rtern &#8218;Gott&#8216; und &#8218;Evolution&#8216;. &#8222;Ich \u00fcberlegte kurz und sagte dann:&#8222;Gott hat die Evolution erfunden.&#8220;Das war nicht das, was der Dozent erwartet hatte. Verf. : Ruth Jehle, Nov.\/Dez. 2022Letzte \u00c4nderung: 07.06.2025INTERNET: www.nicht-sehen-und-doch-glauben.de<\/p>\n","protected":false},"author":1,"featured_media":0,"parent":0,"menu_order":0,"comment_status":"closed","ping_status":"closed","template":"","meta":{"footnotes":""},"class_list":["post-664","page","type-page","status-publish","hentry"],"_links":{"self":[{"href":"https:\/\/nicht-sehen-und-doch-glauben.de\/index.php?rest_route=\/wp\/v2\/pages\/664","targetHints":{"allow":["GET"]}}],"collection":[{"href":"https:\/\/nicht-sehen-und-doch-glauben.de\/index.php?rest_route=\/wp\/v2\/pages"}],"about":[{"href":"https:\/\/nicht-sehen-und-doch-glauben.de\/index.php?rest_route=\/wp\/v2\/types\/page"}],"author":[{"embeddable":true,"href":"https:\/\/nicht-sehen-und-doch-glauben.de\/index.php?rest_route=\/wp\/v2\/users\/1"}],"replies":[{"embeddable":true,"href":"https:\/\/nicht-sehen-und-doch-glauben.de\/index.php?rest_route=%2Fwp%2Fv2%2Fcomments&post=664"}],"version-history":[{"count":10,"href":"https:\/\/nicht-sehen-und-doch-glauben.de\/index.php?rest_route=\/wp\/v2\/pages\/664\/revisions"}],"predecessor-version":[{"id":688,"href":"https:\/\/nicht-sehen-und-doch-glauben.de\/index.php?rest_route=\/wp\/v2\/pages\/664\/revisions\/688"}],"wp:attachment":[{"href":"https:\/\/nicht-sehen-und-doch-glauben.de\/index.php?rest_route=%2Fwp%2Fv2%2Fmedia&parent=664"}],"curies":[{"name":"wp","href":"https:\/\/api.w.org\/{rel}","templated":true}]}}