{"id":695,"date":"2025-06-21T00:15:58","date_gmt":"2025-06-20T22:15:58","guid":{"rendered":"https:\/\/nicht-sehen-und-doch-glauben.de\/?page_id=695"},"modified":"2025-06-22T17:36:21","modified_gmt":"2025-06-22T15:36:21","slug":"gedanken-zu-fronleichnam","status":"publish","type":"page","link":"https:\/\/nicht-sehen-und-doch-glauben.de\/?page_id=695","title":{"rendered":"Gedanken zu Fronleichnam"},"content":{"rendered":"\n<p><\/p>\n\n\n\n<p><strong>Festlich gekleidete Menschen, singend und betend. <br>Ein Priester, der eine Monstranz mit einer Hostie tr\u00e4gt,<br>\u00fcberdacht von einem &#8222;Himmel&#8220;, der von 4 Gl\u00e4ubigen getragen wird.<br>So kenne ich das seit meiner Kindheit, jedes Jahr 60 Tage nach Ostern, am Fronleichnamsfest.<br>Das Radio meldet eventuell eine Sch\u00e4tzung der Gl\u00e4ubigen, die an den Prozessionen teilnehmen. Dieses Jahr kam die Meldung, da\u00df eine h\u00f6lzerne Fu\u00dfg\u00e4ngerbr\u00fccke unter der Last der Menschen zusammengebrochen war.<\/strong><\/p>\n\n\n\n<p><strong>Welche Gedanken haben wohl die Menschen am Stra\u00dfenrand? Oder die Prozessionsteilnehmer? Was sind deren Motive f\u00fcr die Teilnahme an der Prozession? Wollen sie durch ihre Teilnahme ihren Glauben an Dich, Christus, und ihre Verehrung ausdr\u00fccken, zeigen?<\/strong><br><br><strong>So etwas hast Du sicher nicht gewollt, als Du am Abend vor Deinem Leiden Brot und Wein nahmst und Deinen J\u00fcngern reichtest mit den Worten &#8222;Das ist mein Fleisch, das ist mein Blut. Nehmt und esst .&#8220; Da war nichts von Tabernakel, von Monstranz, von Aufbewahren f\u00fcr eine Prozession. Da war &#8222;Nehmt und esst&#8220;. Und dann der Weg zum \u00d6lberg, voller Angst vor den bevorstehenden Stunden. <br>Und heute? 2000 Jahre nach Deinem Sterben am Kreuz und nach Deiner Auferstehung der hilflose Versuch, die umstehenden Menschen\/Zuschauer durch das Herumtragen der Hostie von Deiner heutigen realen Anwesenheit zu \u00fcberzeugen. <br>Was sagst DU dazu, CHRISTU<\/strong>S?<\/p>\n\n\n\n<p>Fronleichnam 2025, letzte \u00c4nderung 22.06.2025<br>Verf.: H. Jehle<br><br><strong>INTERNET     www.nicht-sehen-und-doch-glauben.d<\/strong>e<\/p>\n\n\n\n<p><\/p>\n","protected":false},"excerpt":{"rendered":"<p>Festlich gekleidete Menschen, singend und betend. Ein Priester, der eine Monstranz mit einer Hostie tr\u00e4gt,\u00fcberdacht von einem &#8222;Himmel&#8220;, der von 4 Gl\u00e4ubigen getragen wird.So kenne ich das seit meiner Kindheit, jedes Jahr 60 Tage nach Ostern, am Fronleichnamsfest.Das Radio meldet eventuell eine Sch\u00e4tzung der Gl\u00e4ubigen, die an den Prozessionen teilnehmen. Dieses Jahr kam die Meldung, [&hellip;]<\/p>\n","protected":false},"author":1,"featured_media":0,"parent":0,"menu_order":0,"comment_status":"closed","ping_status":"closed","template":"","meta":{"footnotes":""},"class_list":["post-695","page","type-page","status-publish","hentry"],"_links":{"self":[{"href":"https:\/\/nicht-sehen-und-doch-glauben.de\/index.php?rest_route=\/wp\/v2\/pages\/695","targetHints":{"allow":["GET"]}}],"collection":[{"href":"https:\/\/nicht-sehen-und-doch-glauben.de\/index.php?rest_route=\/wp\/v2\/pages"}],"about":[{"href":"https:\/\/nicht-sehen-und-doch-glauben.de\/index.php?rest_route=\/wp\/v2\/types\/page"}],"author":[{"embeddable":true,"href":"https:\/\/nicht-sehen-und-doch-glauben.de\/index.php?rest_route=\/wp\/v2\/users\/1"}],"replies":[{"embeddable":true,"href":"https:\/\/nicht-sehen-und-doch-glauben.de\/index.php?rest_route=%2Fwp%2Fv2%2Fcomments&post=695"}],"version-history":[{"count":6,"href":"https:\/\/nicht-sehen-und-doch-glauben.de\/index.php?rest_route=\/wp\/v2\/pages\/695\/revisions"}],"predecessor-version":[{"id":703,"href":"https:\/\/nicht-sehen-und-doch-glauben.de\/index.php?rest_route=\/wp\/v2\/pages\/695\/revisions\/703"}],"wp:attachment":[{"href":"https:\/\/nicht-sehen-und-doch-glauben.de\/index.php?rest_route=%2Fwp%2Fv2%2Fmedia&parent=695"}],"curies":[{"name":"wp","href":"https:\/\/api.w.org\/{rel}","templated":true}]}}