{"id":712,"date":"2025-11-02T20:04:08","date_gmt":"2025-11-02T19:04:08","guid":{"rendered":"https:\/\/nicht-sehen-und-doch-glauben.de\/?page_id=712"},"modified":"2025-11-02T20:31:11","modified_gmt":"2025-11-02T19:31:11","slug":"gib-mir-deine-hand","status":"publish","type":"page","link":"https:\/\/nicht-sehen-und-doch-glauben.de\/?page_id=712","title":{"rendered":"Gib mir Deine Hand"},"content":{"rendered":"\n<p class=\"has-text-align-center\">Gib mir Deine Hand und halte mich<strong>.<\/strong> <br>Halte mich, damit ich nicht st\u00fcrze.<br>Und wenn ich st\u00fcrze,<br>so mildere Du meinen Sturz,<br>damit mein Kopf nicht so hart aufschl\u00e4gt<br>und ich nicht Schaden nehme<strong>.<\/strong><\/p>\n\n\n\n<p>Anmerkung<br>Dieses kurze Gebet entstand, als unsere Tochter<br><strong>&#8211;<\/strong> von Schwindel und von der Angst umzufallen geplagt <strong>&#8211;<\/strong><br>mir ihre Hand entgegenstreckte, damit ich sie festhalte<strong>.<\/strong><\/p>\n\n\n\n<p>Verf. H. Jehle 2011, letzte \u00c4nderung 2.11.2025<\/p>\n\n\n\n<p><\/p>\n","protected":false},"excerpt":{"rendered":"<p>Gib mir Deine Hand und halte mich. Halte mich, damit ich nicht st\u00fcrze.Und wenn ich st\u00fcrze,so mildere Du meinen Sturz,damit mein Kopf nicht so hart aufschl\u00e4gtund ich nicht Schaden nehme. AnmerkungDieses kurze Gebet entstand, als unsere Tochter&#8211; von Schwindel und von der Angst umzufallen geplagt &#8211;mir ihre Hand entgegenstreckte, damit ich sie festhalte. Verf. H. [&hellip;]<\/p>\n","protected":false},"author":1,"featured_media":0,"parent":0,"menu_order":0,"comment_status":"closed","ping_status":"closed","template":"","meta":{"footnotes":""},"class_list":["post-712","page","type-page","status-publish","hentry"],"_links":{"self":[{"href":"https:\/\/nicht-sehen-und-doch-glauben.de\/index.php?rest_route=\/wp\/v2\/pages\/712","targetHints":{"allow":["GET"]}}],"collection":[{"href":"https:\/\/nicht-sehen-und-doch-glauben.de\/index.php?rest_route=\/wp\/v2\/pages"}],"about":[{"href":"https:\/\/nicht-sehen-und-doch-glauben.de\/index.php?rest_route=\/wp\/v2\/types\/page"}],"author":[{"embeddable":true,"href":"https:\/\/nicht-sehen-und-doch-glauben.de\/index.php?rest_route=\/wp\/v2\/users\/1"}],"replies":[{"embeddable":true,"href":"https:\/\/nicht-sehen-und-doch-glauben.de\/index.php?rest_route=%2Fwp%2Fv2%2Fcomments&post=712"}],"version-history":[{"count":7,"href":"https:\/\/nicht-sehen-und-doch-glauben.de\/index.php?rest_route=\/wp\/v2\/pages\/712\/revisions"}],"predecessor-version":[{"id":724,"href":"https:\/\/nicht-sehen-und-doch-glauben.de\/index.php?rest_route=\/wp\/v2\/pages\/712\/revisions\/724"}],"wp:attachment":[{"href":"https:\/\/nicht-sehen-und-doch-glauben.de\/index.php?rest_route=%2Fwp%2Fv2%2Fmedia&parent=712"}],"curies":[{"name":"wp","href":"https:\/\/api.w.org\/{rel}","templated":true}]}}